{"id":17372,"date":"2024-05-23T09:01:08","date_gmt":"2024-05-23T09:01:08","guid":{"rendered":"https:\/\/trgovina.delises.si\/?post_type=product&#038;p=17372"},"modified":"2025-12-23T09:47:42","modified_gmt":"2025-12-23T09:47:42","slug":"agava-sirup","status":"publish","type":"product","link":"https:\/\/trgovina.delises.si\/index.php\/izdelek\/agava-sirup\/","title":{"rendered":"AGAVA sirup"},"content":{"rendered":"<p>ODK Agavin sirup je prefinjena in naravna alternativa uporabi tradicionalnega sladkorja. Ta sirup, narejen iz rastlin agave, pridobljenih iz Mehike, izstopa po edinstvenem profilu okusa in sladkosti, ki se odli\u010dno ujema s \u0161iroko paleto pija\u010d!<\/p>\n<p><em>U\u017eivajte v pija\u010dah na najbolj\u0161i na\u010din \u2013 odkrijte ODK!<\/em><\/p>\n","protected":false},"excerpt":{"rendered":"<p><strong>Pakiranje:<br \/>\n<\/strong>Steklenica 750 ml<\/p>\n","protected":false},"featured_media":17374,"comment_status":"open","ping_status":"closed","template":"","meta":{"site-sidebar-layout":"default","site-content-layout":"","ast-site-content-layout":"default","site-content-style":"default","site-sidebar-style":"default","ast-global-header-display":"","ast-banner-title-visibility":"","ast-main-header-display":"","ast-hfb-above-header-display":"","ast-hfb-below-header-display":"","ast-hfb-mobile-header-display":"","site-post-title":"","ast-breadcrumbs-content":"","ast-featured-img":"","footer-sml-layout":"","ast-disable-related-posts":"","theme-transparent-header-meta":"default","adv-header-id-meta":"","stick-header-meta":"","header-above-stick-meta":"","header-main-stick-meta":"","header-below-stick-meta":"","astra-migrate-meta-layouts":"set","ast-page-background-enabled":"default","ast-page-background-meta":{"desktop":{"background-color":"var(--ast-global-color-4)","background-image":"","background-repeat":"repeat","background-position":"center center","background-size":"auto","background-attachment":"scroll","background-type":"","background-media":"","overlay-type":"","overlay-color":"","overlay-opacity":"","overlay-gradient":""},"tablet":{"background-color":"","background-image":"","background-repeat":"repeat","background-position":"center center","background-size":"auto","background-attachment":"scroll","background-type":"","background-media":"","overlay-type":"","overlay-color":"","overlay-opacity":"","overlay-gradient":""},"mobile":{"background-color":"","background-image":"","background-repeat":"repeat","background-position":"center center","background-size":"auto","background-attachment":"scroll","background-type":"","background-media":"","overlay-type":"","overlay-color":"","overlay-opacity":"","overlay-gradient":""}},"ast-content-background-meta":{"desktop":{"background-color":"var(--ast-global-color-5)","background-image":"","background-repeat":"repeat","background-position":"center center","background-size":"auto","background-attachment":"scroll","background-type":"","background-media":"","overlay-type":"","overlay-color":"","overlay-opacity":"","overlay-gradient":""},"tablet":{"background-color":"var(--ast-global-color-5)","background-image":"","background-repeat":"repeat","background-position":"center center","background-size":"auto","background-attachment":"scroll","background-type":"","background-media":"","overlay-type":"","overlay-color":"","overlay-opacity":"","overlay-gradient":""},"mobile":{"background-color":"var(--ast-global-color-5)","background-image":"","background-repeat":"repeat","background-position":"center center","background-size":"auto","background-attachment":"scroll","background-type":"","background-media":"","overlay-type":"","overlay-color":"","overlay-opacity":"","overlay-gradient":""}}},"product_brand":[],"product_cat":[723,732],"product_tag":[734],"class_list":{"0":"post-17372","1":"product","2":"type-product","3":"status-publish","4":"has-post-thumbnail","6":"product_cat-orsadrinks","7":"product_cat-sirupi","8":"product_tag-sirup","9":"desktop-align-left","10":"tablet-align-left","11":"mobile-align-left","13":"first","14":"instock","15":"taxable","16":"shipping-taxable","17":"purchasable","18":"product-type-simple"},"jetpack_sharing_enabled":true,"_links":{"self":[{"href":"https:\/\/trgovina.delises.si\/index.php\/wp-json\/wp\/v2\/product\/17372","targetHints":{"allow":["GET"]}}],"collection":[{"href":"https:\/\/trgovina.delises.si\/index.php\/wp-json\/wp\/v2\/product"}],"about":[{"href":"https:\/\/trgovina.delises.si\/index.php\/wp-json\/wp\/v2\/types\/product"}],"replies":[{"embeddable":true,"href":"https:\/\/trgovina.delises.si\/index.php\/wp-json\/wp\/v2\/comments?post=17372"}],"version-history":[{"count":1,"href":"https:\/\/trgovina.delises.si\/index.php\/wp-json\/wp\/v2\/product\/17372\/revisions"}],"predecessor-version":[{"id":17373,"href":"https:\/\/trgovina.delises.si\/index.php\/wp-json\/wp\/v2\/product\/17372\/revisions\/17373"}],"wp:featuredmedia":[{"embeddable":true,"href":"https:\/\/trgovina.delises.si\/index.php\/wp-json\/wp\/v2\/media\/17374"}],"wp:attachment":[{"href":"https:\/\/trgovina.delises.si\/index.php\/wp-json\/wp\/v2\/media?parent=17372"}],"wp:term":[{"taxonomy":"product_brand","embeddable":true,"href":"https:\/\/trgovina.delises.si\/index.php\/wp-json\/wp\/v2\/product_brand?post=17372"},{"taxonomy":"product_cat","embeddable":true,"href":"https:\/\/trgovina.delises.si\/index.php\/wp-json\/wp\/v2\/product_cat?post=17372"},{"taxonomy":"product_tag","embeddable":true,"href":"https:\/\/trgovina.delises.si\/index.php\/wp-json\/wp\/v2\/product_tag?post=17372"}],"curies":[{"name":"wp","href":"https:\/\/api.w.org\/{rel}","templated":true}]}}