{"id":16443,"date":"2023-10-08T20:56:01","date_gmt":"2023-10-08T20:56:01","guid":{"rendered":"https:\/\/trgovina.delises.si\/?post_type=product&#038;p=16443"},"modified":"2025-10-08T17:05:48","modified_gmt":"2025-10-08T17:05:48","slug":"zeleni-ledeni-caj","status":"publish","type":"product","link":"https:\/\/trgovina.delises.si\/index.php\/izdelek\/zeleni-ledeni-caj\/","title":{"rendered":"ZELENI osnova ledeni \u010daj sirup"},"content":{"rendered":"<p>Sirup vsebuje ekstrakt pravega \u010daja in eteri\u010dna olja iz listi\u010dev zelenega \u010daja. Z njim preprosto zme\u0161ate poljubno koli\u010dino osve\u017eilnega ledenega \u010daja odli\u010dnega okusa. Mo\u010d in intenzivnost okusa zlahka spremenite, tako da dodate ve\u010d sirupa.<\/p>\n<p><em>U\u017eivajte v pija\u010dah na najbolj\u0161i na\u010din \u2013 odkrijte ODK!<\/em><\/p>\n","protected":false},"excerpt":{"rendered":"<p><strong>Pakiranje:<br \/>\n<\/strong>Plasti\u010dna embala\u017ea 750 ml<\/p>\n<p>&nbsp;<\/p>\n<p><span style=\"color: #ff0000\">20% popusta &#8211; kraj\u0161i rok uporabe<\/span><\/p>\n","protected":false},"featured_media":16473,"comment_status":"open","ping_status":"closed","template":"","meta":{"site-sidebar-layout":"default","site-content-layout":"","ast-site-content-layout":"default","site-content-style":"default","site-sidebar-style":"default","ast-global-header-display":"","ast-banner-title-visibility":"","ast-main-header-display":"","ast-hfb-above-header-display":"","ast-hfb-below-header-display":"","ast-hfb-mobile-header-display":"","site-post-title":"","ast-breadcrumbs-content":"","ast-featured-img":"","footer-sml-layout":"","ast-disable-related-posts":"","theme-transparent-header-meta":"","adv-header-id-meta":"","stick-header-meta":"","header-above-stick-meta":"","header-main-stick-meta":"","header-below-stick-meta":"","astra-migrate-meta-layouts":"default","ast-page-background-enabled":"default","ast-page-background-meta":{"desktop":{"background-color":"var(--ast-global-color-4)","background-image":"","background-repeat":"repeat","background-position":"center center","background-size":"auto","background-attachment":"scroll","background-type":"","background-media":"","overlay-type":"","overlay-color":"","overlay-opacity":"","overlay-gradient":""},"tablet":{"background-color":"","background-image":"","background-repeat":"repeat","background-position":"center center","background-size":"auto","background-attachment":"scroll","background-type":"","background-media":"","overlay-type":"","overlay-color":"","overlay-opacity":"","overlay-gradient":""},"mobile":{"background-color":"","background-image":"","background-repeat":"repeat","background-position":"center center","background-size":"auto","background-attachment":"scroll","background-type":"","background-media":"","overlay-type":"","overlay-color":"","overlay-opacity":"","overlay-gradient":""}},"ast-content-background-meta":{"desktop":{"background-color":"var(--ast-global-color-5)","background-image":"","background-repeat":"repeat","background-position":"center center","background-size":"auto","background-attachment":"scroll","background-type":"","background-media":"","overlay-type":"","overlay-color":"","overlay-opacity":"","overlay-gradient":""},"tablet":{"background-color":"var(--ast-global-color-5)","background-image":"","background-repeat":"repeat","background-position":"center center","background-size":"auto","background-attachment":"scroll","background-type":"","background-media":"","overlay-type":"","overlay-color":"","overlay-opacity":"","overlay-gradient":""},"mobile":{"background-color":"var(--ast-global-color-5)","background-image":"","background-repeat":"repeat","background-position":"center center","background-size":"auto","background-attachment":"scroll","background-type":"","background-media":"","overlay-type":"","overlay-color":"","overlay-opacity":"","overlay-gradient":""}}},"product_brand":[],"product_cat":[723,798],"product_tag":[799,800],"class_list":{"0":"post-16443","1":"product","2":"type-product","3":"status-publish","4":"has-post-thumbnail","6":"product_cat-orsadrinks","7":"product_cat-ledeni-caj","8":"product_tag-ledeni","9":"product_tag-zeleni-caj","10":"desktop-align-left","11":"tablet-align-left","12":"mobile-align-left","14":"first","15":"instock","16":"taxable","17":"shipping-taxable","18":"purchasable","19":"product-type-simple"},"jetpack_sharing_enabled":true,"_links":{"self":[{"href":"https:\/\/trgovina.delises.si\/index.php\/wp-json\/wp\/v2\/product\/16443","targetHints":{"allow":["GET"]}}],"collection":[{"href":"https:\/\/trgovina.delises.si\/index.php\/wp-json\/wp\/v2\/product"}],"about":[{"href":"https:\/\/trgovina.delises.si\/index.php\/wp-json\/wp\/v2\/types\/product"}],"replies":[{"embeddable":true,"href":"https:\/\/trgovina.delises.si\/index.php\/wp-json\/wp\/v2\/comments?post=16443"}],"version-history":[{"count":3,"href":"https:\/\/trgovina.delises.si\/index.php\/wp-json\/wp\/v2\/product\/16443\/revisions"}],"predecessor-version":[{"id":17911,"href":"https:\/\/trgovina.delises.si\/index.php\/wp-json\/wp\/v2\/product\/16443\/revisions\/17911"}],"wp:featuredmedia":[{"embeddable":true,"href":"https:\/\/trgovina.delises.si\/index.php\/wp-json\/wp\/v2\/media\/16473"}],"wp:attachment":[{"href":"https:\/\/trgovina.delises.si\/index.php\/wp-json\/wp\/v2\/media?parent=16443"}],"wp:term":[{"taxonomy":"product_brand","embeddable":true,"href":"https:\/\/trgovina.delises.si\/index.php\/wp-json\/wp\/v2\/product_brand?post=16443"},{"taxonomy":"product_cat","embeddable":true,"href":"https:\/\/trgovina.delises.si\/index.php\/wp-json\/wp\/v2\/product_cat?post=16443"},{"taxonomy":"product_tag","embeddable":true,"href":"https:\/\/trgovina.delises.si\/index.php\/wp-json\/wp\/v2\/product_tag?post=16443"}],"curies":[{"name":"wp","href":"https:\/\/api.w.org\/{rel}","templated":true}]}}