{"id":16440,"date":"2023-10-08T20:56:01","date_gmt":"2023-10-08T20:56:01","guid":{"rendered":"https:\/\/trgovina.delises.si\/?post_type=product&#038;p=16440"},"modified":"2025-06-07T12:57:58","modified_gmt":"2025-06-07T12:57:58","slug":"cimet-sirup","status":"publish","type":"product","link":"https:\/\/trgovina.delises.si\/index.php\/izdelek\/cimet-sirup\/","title":{"rendered":"CIMET  sirup"},"content":{"rendered":"<p>S svojo prepoznavno aromo in okusom je <strong>cimetov<\/strong> sirup ODK odli\u010den dodatek \u0161tevilnim toplim napitkom in toplim zimskim cocktailom. Cimet je eden redkih okusov, zaradi katerih se na hladen dan po\u010dutite topleje.<\/p>\n<p><em>U\u017eivajte v pija\u010dah na najbolj\u0161i na\u010din \u2013 odkrijte ODK!<\/em><\/p>\n","protected":false},"excerpt":{"rendered":"<p><strong>Pakiranje:<br \/>\n<\/strong>Steklenica 750 ml<\/p>\n","protected":false},"featured_media":16470,"comment_status":"open","ping_status":"closed","template":"","meta":{"site-sidebar-layout":"default","site-content-layout":"","ast-site-content-layout":"default","site-content-style":"default","site-sidebar-style":"default","ast-global-header-display":"","ast-banner-title-visibility":"","ast-main-header-display":"","ast-hfb-above-header-display":"","ast-hfb-below-header-display":"","ast-hfb-mobile-header-display":"","site-post-title":"","ast-breadcrumbs-content":"","ast-featured-img":"","footer-sml-layout":"","ast-disable-related-posts":"","theme-transparent-header-meta":"","adv-header-id-meta":"","stick-header-meta":"","header-above-stick-meta":"","header-main-stick-meta":"","header-below-stick-meta":"","astra-migrate-meta-layouts":"default","ast-page-background-enabled":"default","ast-page-background-meta":{"desktop":{"background-color":"var(--ast-global-color-4)","background-image":"","background-repeat":"repeat","background-position":"center center","background-size":"auto","background-attachment":"scroll","background-type":"","background-media":"","overlay-type":"","overlay-color":"","overlay-opacity":"","overlay-gradient":""},"tablet":{"background-color":"","background-image":"","background-repeat":"repeat","background-position":"center center","background-size":"auto","background-attachment":"scroll","background-type":"","background-media":"","overlay-type":"","overlay-color":"","overlay-opacity":"","overlay-gradient":""},"mobile":{"background-color":"","background-image":"","background-repeat":"repeat","background-position":"center center","background-size":"auto","background-attachment":"scroll","background-type":"","background-media":"","overlay-type":"","overlay-color":"","overlay-opacity":"","overlay-gradient":""}},"ast-content-background-meta":{"desktop":{"background-color":"var(--ast-global-color-5)","background-image":"","background-repeat":"repeat","background-position":"center center","background-size":"auto","background-attachment":"scroll","background-type":"","background-media":"","overlay-type":"","overlay-color":"","overlay-opacity":"","overlay-gradient":""},"tablet":{"background-color":"var(--ast-global-color-5)","background-image":"","background-repeat":"repeat","background-position":"center center","background-size":"auto","background-attachment":"scroll","background-type":"","background-media":"","overlay-type":"","overlay-color":"","overlay-opacity":"","overlay-gradient":""},"mobile":{"background-color":"var(--ast-global-color-5)","background-image":"","background-repeat":"repeat","background-position":"center center","background-size":"auto","background-attachment":"scroll","background-type":"","background-media":"","overlay-type":"","overlay-color":"","overlay-opacity":"","overlay-gradient":""}}},"product_brand":[],"product_cat":[723,733],"product_tag":[726,734,728],"class_list":{"0":"post-16440","1":"product","2":"type-product","3":"status-publish","4":"has-post-thumbnail","6":"product_cat-orsadrinks","7":"product_cat-barista","8":"product_tag-kava","9":"product_tag-sirup","10":"product_tag-topli-napitek","11":"desktop-align-left","12":"tablet-align-left","13":"mobile-align-left","15":"first","16":"instock","17":"taxable","18":"shipping-taxable","19":"purchasable","20":"product-type-simple"},"jetpack_sharing_enabled":true,"_links":{"self":[{"href":"https:\/\/trgovina.delises.si\/index.php\/wp-json\/wp\/v2\/product\/16440","targetHints":{"allow":["GET"]}}],"collection":[{"href":"https:\/\/trgovina.delises.si\/index.php\/wp-json\/wp\/v2\/product"}],"about":[{"href":"https:\/\/trgovina.delises.si\/index.php\/wp-json\/wp\/v2\/types\/product"}],"replies":[{"embeddable":true,"href":"https:\/\/trgovina.delises.si\/index.php\/wp-json\/wp\/v2\/comments?post=16440"}],"version-history":[{"count":3,"href":"https:\/\/trgovina.delises.si\/index.php\/wp-json\/wp\/v2\/product\/16440\/revisions"}],"predecessor-version":[{"id":17880,"href":"https:\/\/trgovina.delises.si\/index.php\/wp-json\/wp\/v2\/product\/16440\/revisions\/17880"}],"wp:featuredmedia":[{"embeddable":true,"href":"https:\/\/trgovina.delises.si\/index.php\/wp-json\/wp\/v2\/media\/16470"}],"wp:attachment":[{"href":"https:\/\/trgovina.delises.si\/index.php\/wp-json\/wp\/v2\/media?parent=16440"}],"wp:term":[{"taxonomy":"product_brand","embeddable":true,"href":"https:\/\/trgovina.delises.si\/index.php\/wp-json\/wp\/v2\/product_brand?post=16440"},{"taxonomy":"product_cat","embeddable":true,"href":"https:\/\/trgovina.delises.si\/index.php\/wp-json\/wp\/v2\/product_cat?post=16440"},{"taxonomy":"product_tag","embeddable":true,"href":"https:\/\/trgovina.delises.si\/index.php\/wp-json\/wp\/v2\/product_tag?post=16440"}],"curies":[{"name":"wp","href":"https:\/\/api.w.org\/{rel}","templated":true}]}}