{"id":16370,"date":"2023-10-08T20:55:39","date_gmt":"2023-10-08T20:55:39","guid":{"rendered":"https:\/\/trgovina.delises.si\/?post_type=product&#038;p=16370"},"modified":"2025-12-12T09:45:59","modified_gmt":"2025-12-12T09:45:59","slug":"kokos-sadni-mix","status":"publish","type":"product","link":"https:\/\/trgovina.delises.si\/index.php\/izdelek\/kokos-sadni-mix\/","title":{"rendered":"KOKOS  sadni mix"},"content":{"rendered":"<p><strong>Kokose<\/strong> za sadni mix ODK pridelujejo na valovitih planjavah \u0160rilanke. Kokosov sadni mix je s svojim bogatim okusom najbolj\u0161a spremljava sadnih pija\u010d in cocktailov, plastenke pa so priro\u010dno oblikovane, da vsebine iz njih ni treba pretakati \u2013 samo pretresite jih in \u017ee so pripravljene za uporabo!<\/p>\n<p><em>U\u017eivajte v pija\u010dah na najbolj\u0161i na\u010din \u2013 odkrijte ODK!<\/em><\/p>\n","protected":false},"excerpt":{"rendered":"<p><strong>Pakiranje:<br \/>\n<\/strong>Plasti\u010dna embala\u017ea 750 ml<\/p>\n","protected":false},"featured_media":16400,"comment_status":"open","ping_status":"closed","template":"","meta":{"site-sidebar-layout":"default","site-content-layout":"","ast-site-content-layout":"default","site-content-style":"default","site-sidebar-style":"default","ast-global-header-display":"","ast-banner-title-visibility":"","ast-main-header-display":"","ast-hfb-above-header-display":"","ast-hfb-below-header-display":"","ast-hfb-mobile-header-display":"","site-post-title":"","ast-breadcrumbs-content":"","ast-featured-img":"","footer-sml-layout":"","ast-disable-related-posts":"","theme-transparent-header-meta":"","adv-header-id-meta":"","stick-header-meta":"","header-above-stick-meta":"","header-main-stick-meta":"","header-below-stick-meta":"","astra-migrate-meta-layouts":"default","ast-page-background-enabled":"default","ast-page-background-meta":{"desktop":{"background-color":"var(--ast-global-color-4)","background-image":"","background-repeat":"repeat","background-position":"center center","background-size":"auto","background-attachment":"scroll","background-type":"","background-media":"","overlay-type":"","overlay-color":"","overlay-opacity":"","overlay-gradient":""},"tablet":{"background-color":"","background-image":"","background-repeat":"repeat","background-position":"center center","background-size":"auto","background-attachment":"scroll","background-type":"","background-media":"","overlay-type":"","overlay-color":"","overlay-opacity":"","overlay-gradient":""},"mobile":{"background-color":"","background-image":"","background-repeat":"repeat","background-position":"center center","background-size":"auto","background-attachment":"scroll","background-type":"","background-media":"","overlay-type":"","overlay-color":"","overlay-opacity":"","overlay-gradient":""}},"ast-content-background-meta":{"desktop":{"background-color":"var(--ast-global-color-5)","background-image":"","background-repeat":"repeat","background-position":"center center","background-size":"auto","background-attachment":"scroll","background-type":"","background-media":"","overlay-type":"","overlay-color":"","overlay-opacity":"","overlay-gradient":""},"tablet":{"background-color":"var(--ast-global-color-5)","background-image":"","background-repeat":"repeat","background-position":"center center","background-size":"auto","background-attachment":"scroll","background-type":"","background-media":"","overlay-type":"","overlay-color":"","overlay-opacity":"","overlay-gradient":""},"mobile":{"background-color":"var(--ast-global-color-5)","background-image":"","background-repeat":"repeat","background-position":"center center","background-size":"auto","background-attachment":"scroll","background-type":"","background-media":"","overlay-type":"","overlay-color":"","overlay-opacity":"","overlay-gradient":""}}},"product_brand":[],"product_cat":[723,752],"product_tag":[753,754,755,756],"class_list":{"0":"post-16370","1":"product","2":"type-product","3":"status-publish","4":"has-post-thumbnail","6":"product_cat-orsadrinks","7":"product_cat-sadni-mix","8":"product_tag-750-ml","9":"product_tag-fruity","10":"product_tag-kokos-mix","11":"product_tag-mix","12":"desktop-align-left","13":"tablet-align-left","14":"mobile-align-left","16":"first","17":"instock","18":"taxable","19":"shipping-taxable","20":"purchasable","21":"product-type-simple"},"jetpack_sharing_enabled":true,"_links":{"self":[{"href":"https:\/\/trgovina.delises.si\/index.php\/wp-json\/wp\/v2\/product\/16370","targetHints":{"allow":["GET"]}}],"collection":[{"href":"https:\/\/trgovina.delises.si\/index.php\/wp-json\/wp\/v2\/product"}],"about":[{"href":"https:\/\/trgovina.delises.si\/index.php\/wp-json\/wp\/v2\/types\/product"}],"replies":[{"embeddable":true,"href":"https:\/\/trgovina.delises.si\/index.php\/wp-json\/wp\/v2\/comments?post=16370"}],"version-history":[{"count":3,"href":"https:\/\/trgovina.delises.si\/index.php\/wp-json\/wp\/v2\/product\/16370\/revisions"}],"predecessor-version":[{"id":17772,"href":"https:\/\/trgovina.delises.si\/index.php\/wp-json\/wp\/v2\/product\/16370\/revisions\/17772"}],"wp:featuredmedia":[{"embeddable":true,"href":"https:\/\/trgovina.delises.si\/index.php\/wp-json\/wp\/v2\/media\/16400"}],"wp:attachment":[{"href":"https:\/\/trgovina.delises.si\/index.php\/wp-json\/wp\/v2\/media?parent=16370"}],"wp:term":[{"taxonomy":"product_brand","embeddable":true,"href":"https:\/\/trgovina.delises.si\/index.php\/wp-json\/wp\/v2\/product_brand?post=16370"},{"taxonomy":"product_cat","embeddable":true,"href":"https:\/\/trgovina.delises.si\/index.php\/wp-json\/wp\/v2\/product_cat?post=16370"},{"taxonomy":"product_tag","embeddable":true,"href":"https:\/\/trgovina.delises.si\/index.php\/wp-json\/wp\/v2\/product_tag?post=16370"}],"curies":[{"name":"wp","href":"https:\/\/api.w.org\/{rel}","templated":true}]}}