{"id":16334,"date":"2023-10-08T20:55:23","date_gmt":"2023-10-08T20:55:23","guid":{"rendered":"https:\/\/trgovina.delises.si\/?post_type=product&#038;p=16334"},"modified":"2025-11-20T11:46:42","modified_gmt":"2025-11-20T11:46:42","slug":"lesnik-preliv","status":"publish","type":"product","link":"https:\/\/trgovina.delises.si\/index.php\/izdelek\/lesnik-preliv\/","title":{"rendered":"LE\u0160NIK preliv"},"content":{"rendered":"<p>Okus toplih napitkov lahko popestrite z le\u0161nikovim prelivom ODK. Le\u0161nik je zaradi svojega maslenega, sladkastega okusa priljubljen dodatek \u0161tevilnim toplim napitkom. Preliv ODK ima popolno teksturo za nana\u0161anje na vrh napitkov, zato z njim zlahka ustvarjate vzorce na kavi.<\/p>\n<p><em>U\u017eivajte v pija\u010dah na najbolj\u0161i na\u010din \u2013 odkrijte ODK!<\/em><\/p>\n","protected":false},"excerpt":{"rendered":"<p><strong>Pakiranje:<br \/>\n<\/strong>Plasti\u010dna embala\u017ea 750 ml<\/p>\n","protected":false},"featured_media":17343,"comment_status":"open","ping_status":"closed","template":"","meta":{"site-sidebar-layout":"default","site-content-layout":"","ast-site-content-layout":"default","site-content-style":"default","site-sidebar-style":"default","ast-global-header-display":"","ast-banner-title-visibility":"","ast-main-header-display":"","ast-hfb-above-header-display":"","ast-hfb-below-header-display":"","ast-hfb-mobile-header-display":"","site-post-title":"","ast-breadcrumbs-content":"","ast-featured-img":"","footer-sml-layout":"","ast-disable-related-posts":"","theme-transparent-header-meta":"default","adv-header-id-meta":"","stick-header-meta":"","header-above-stick-meta":"","header-main-stick-meta":"","header-below-stick-meta":"","astra-migrate-meta-layouts":"set","ast-page-background-enabled":"default","ast-page-background-meta":{"desktop":{"background-color":"var(--ast-global-color-4)","background-image":"","background-repeat":"repeat","background-position":"center center","background-size":"auto","background-attachment":"scroll","background-type":"","background-media":"","overlay-type":"","overlay-color":"","overlay-opacity":"","overlay-gradient":""},"tablet":{"background-color":"","background-image":"","background-repeat":"repeat","background-position":"center center","background-size":"auto","background-attachment":"scroll","background-type":"","background-media":"","overlay-type":"","overlay-color":"","overlay-opacity":"","overlay-gradient":""},"mobile":{"background-color":"","background-image":"","background-repeat":"repeat","background-position":"center center","background-size":"auto","background-attachment":"scroll","background-type":"","background-media":"","overlay-type":"","overlay-color":"","overlay-opacity":"","overlay-gradient":""}},"ast-content-background-meta":{"desktop":{"background-color":"var(--ast-global-color-5)","background-image":"","background-repeat":"repeat","background-position":"center center","background-size":"auto","background-attachment":"scroll","background-type":"","background-media":"","overlay-type":"","overlay-color":"","overlay-opacity":"","overlay-gradient":""},"tablet":{"background-color":"var(--ast-global-color-5)","background-image":"","background-repeat":"repeat","background-position":"center center","background-size":"auto","background-attachment":"scroll","background-type":"","background-media":"","overlay-type":"","overlay-color":"","overlay-opacity":"","overlay-gradient":""},"mobile":{"background-color":"var(--ast-global-color-5)","background-image":"","background-repeat":"repeat","background-position":"center center","background-size":"auto","background-attachment":"scroll","background-type":"","background-media":"","overlay-type":"","overlay-color":"","overlay-opacity":"","overlay-gradient":""}}},"product_brand":[],"product_cat":[723,725],"product_tag":[726,727,728],"class_list":{"0":"post-16334","1":"product","2":"type-product","3":"status-publish","4":"has-post-thumbnail","6":"product_cat-orsadrinks","7":"product_cat-prelivi","8":"product_tag-kava","9":"product_tag-preliv","10":"product_tag-topli-napitek","11":"desktop-align-left","12":"tablet-align-left","13":"mobile-align-left","15":"first","16":"instock","17":"taxable","18":"shipping-taxable","19":"purchasable","20":"product-type-simple"},"jetpack_sharing_enabled":true,"_links":{"self":[{"href":"https:\/\/trgovina.delises.si\/index.php\/wp-json\/wp\/v2\/product\/16334","targetHints":{"allow":["GET"]}}],"collection":[{"href":"https:\/\/trgovina.delises.si\/index.php\/wp-json\/wp\/v2\/product"}],"about":[{"href":"https:\/\/trgovina.delises.si\/index.php\/wp-json\/wp\/v2\/types\/product"}],"replies":[{"embeddable":true,"href":"https:\/\/trgovina.delises.si\/index.php\/wp-json\/wp\/v2\/comments?post=16334"}],"version-history":[{"count":3,"href":"https:\/\/trgovina.delises.si\/index.php\/wp-json\/wp\/v2\/product\/16334\/revisions"}],"predecessor-version":[{"id":17945,"href":"https:\/\/trgovina.delises.si\/index.php\/wp-json\/wp\/v2\/product\/16334\/revisions\/17945"}],"wp:featuredmedia":[{"embeddable":true,"href":"https:\/\/trgovina.delises.si\/index.php\/wp-json\/wp\/v2\/media\/17343"}],"wp:attachment":[{"href":"https:\/\/trgovina.delises.si\/index.php\/wp-json\/wp\/v2\/media?parent=16334"}],"wp:term":[{"taxonomy":"product_brand","embeddable":true,"href":"https:\/\/trgovina.delises.si\/index.php\/wp-json\/wp\/v2\/product_brand?post=16334"},{"taxonomy":"product_cat","embeddable":true,"href":"https:\/\/trgovina.delises.si\/index.php\/wp-json\/wp\/v2\/product_cat?post=16334"},{"taxonomy":"product_tag","embeddable":true,"href":"https:\/\/trgovina.delises.si\/index.php\/wp-json\/wp\/v2\/product_tag?post=16334"}],"curies":[{"name":"wp","href":"https:\/\/api.w.org\/{rel}","templated":true}]}}